{"id":863,"date":"2018-11-20T17:08:48","date_gmt":"2018-11-20T16:08:48","guid":{"rendered":"https:\/\/tellos.fr\/?page_id=863"},"modified":"2025-10-27T11:00:30","modified_gmt":"2025-10-27T10:00:30","slug":"contact","status":"publish","type":"page","link":"https:\/\/tellos.fr\/en\/contact\/","title":{"rendered":"Contact"},"content":{"rendered":"","protected":false},"excerpt":{"rendered":"","protected":false},"author":2,"featured_media":0,"parent":0,"menu_order":0,"comment_status":"closed","ping_status":"closed","template":"","meta":{"_acf_changed":false,"footnotes":""},"class_list":["post-863","page","type-page","status-publish","hentry"],"acf":[],"yoast_head":"<!-- This site is optimized with the Yoast SEO plugin v27.1.1 - https:\/\/yoast.com\/product\/yoast-seo-wordpress\/ -->\n<title>Contact - Tellos<\/title>\n<meta name=\"description\" content=\"Contactez-nous, le Groupe recherche toujours plus d\u2019efficacit\u00e9 \u00e9nerg\u00e9tique et propose des services pour structurer l\u2019environnement de la ville de demain.\" \/>\n<meta name=\"robots\" content=\"index, follow, max-snippet:-1, max-image-preview:large, max-video-preview:-1\" \/>\n<link rel=\"canonical\" href=\"https:\/\/tellos.fr\/en\/contact\/\" \/>\n<meta property=\"og:locale\" content=\"en_GB\" \/>\n<meta property=\"og:type\" content=\"article\" \/>\n<meta property=\"og:title\" content=\"Contact - Tellos\" \/>\n<meta property=\"og:description\" content=\"Contactez-nous, le Groupe recherche toujours plus d\u2019efficacit\u00e9 \u00e9nerg\u00e9tique et propose des services pour structurer l\u2019environnement de la ville de demain.\" \/>\n<meta property=\"og:url\" content=\"https:\/\/tellos.fr\/en\/contact\/\" \/>\n<meta property=\"og:site_name\" content=\"Tellos\" \/>\n<meta property=\"article:modified_time\" content=\"2025-10-27T10:00:30+00:00\" \/>\n<meta name=\"twitter:card\" content=\"summary_large_image\" \/>\n<script type=\"application\/ld+json\" class=\"yoast-schema-graph\">{\"@context\":\"https:\/\/schema.org\",\"@graph\":[{\"@type\":\"WebPage\",\"@id\":\"https:\/\/tellos.fr\/contact\/\",\"url\":\"https:\/\/tellos.fr\/contact\/\",\"name\":\"Contact - Tellos\",\"isPartOf\":{\"@id\":\"https:\/\/tellos.fr\/#website\"},\"datePublished\":\"2018-11-20T16:08:48+00:00\",\"dateModified\":\"2025-10-27T10:00:30+00:00\",\"description\":\"Contactez-nous, le Groupe recherche toujours plus d\u2019efficacit\u00e9 \u00e9nerg\u00e9tique et propose des services pour structurer l\u2019environnement de la ville de demain.\",\"inLanguage\":\"en-GB\",\"potentialAction\":[{\"@type\":\"ReadAction\",\"target\":[\"https:\/\/tellos.fr\/contact\/\"]}]},{\"@type\":\"WebSite\",\"@id\":\"https:\/\/tellos.fr\/#website\",\"url\":\"https:\/\/tellos.fr\/\",\"name\":\"Tellos\",\"description\":\"Nos \u00e9nergies, vos r\u00e9seaux\",\"potentialAction\":[{\"@type\":\"SearchAction\",\"target\":{\"@type\":\"EntryPoint\",\"urlTemplate\":\"https:\/\/tellos.fr\/?s={search_term_string}\"},\"query-input\":{\"@type\":\"PropertyValueSpecification\",\"valueRequired\":true,\"valueName\":\"search_term_string\"}}],\"inLanguage\":\"en-GB\"}]}<\/script>\n<!-- \/ Yoast SEO plugin. -->","yoast_head_json":{"title":"Contact - Tellos","description":"Contactez-nous, le Groupe recherche toujours plus d\u2019efficacit\u00e9 \u00e9nerg\u00e9tique et propose des services pour structurer l\u2019environnement de la ville de demain.","robots":{"index":"index","follow":"follow","max-snippet":"max-snippet:-1","max-image-preview":"max-image-preview:large","max-video-preview":"max-video-preview:-1"},"canonical":"https:\/\/tellos.fr\/en\/contact\/","og_locale":"en_GB","og_type":"article","og_title":"Contact - Tellos","og_description":"Contactez-nous, le Groupe recherche toujours plus d\u2019efficacit\u00e9 \u00e9nerg\u00e9tique et propose des services pour structurer l\u2019environnement de la ville de demain.","og_url":"https:\/\/tellos.fr\/en\/contact\/","og_site_name":"Tellos","article_modified_time":"2025-10-27T10:00:30+00:00","twitter_card":"summary_large_image","schema":{"@context":"https:\/\/schema.org","@graph":[{"@type":"WebPage","@id":"https:\/\/tellos.fr\/contact\/","url":"https:\/\/tellos.fr\/contact\/","name":"Contact - Tellos","isPartOf":{"@id":"https:\/\/tellos.fr\/#website"},"datePublished":"2018-11-20T16:08:48+00:00","dateModified":"2025-10-27T10:00:30+00:00","description":"Contactez-nous, le Groupe recherche toujours plus d\u2019efficacit\u00e9 \u00e9nerg\u00e9tique et propose des services pour structurer l\u2019environnement de la ville de demain.","inLanguage":"en-GB","potentialAction":[{"@type":"ReadAction","target":["https:\/\/tellos.fr\/contact\/"]}]},{"@type":"WebSite","@id":"https:\/\/tellos.fr\/#website","url":"https:\/\/tellos.fr\/","name":"Tellos","description":"Nos \u00e9nergies, vos r\u00e9seaux","potentialAction":[{"@type":"SearchAction","target":{"@type":"EntryPoint","urlTemplate":"https:\/\/tellos.fr\/?s={search_term_string}"},"query-input":{"@type":"PropertyValueSpecification","valueRequired":true,"valueName":"search_term_string"}}],"inLanguage":"en-GB"}]}},"_links":{"self":[{"href":"https:\/\/tellos.fr\/en\/wp-json\/wp\/v2\/pages\/863","targetHints":{"allow":["GET"]}}],"collection":[{"href":"https:\/\/tellos.fr\/en\/wp-json\/wp\/v2\/pages"}],"about":[{"href":"https:\/\/tellos.fr\/en\/wp-json\/wp\/v2\/types\/page"}],"author":[{"embeddable":true,"href":"https:\/\/tellos.fr\/en\/wp-json\/wp\/v2\/users\/2"}],"replies":[{"embeddable":true,"href":"https:\/\/tellos.fr\/en\/wp-json\/wp\/v2\/comments?post=863"}],"version-history":[{"count":37,"href":"https:\/\/tellos.fr\/en\/wp-json\/wp\/v2\/pages\/863\/revisions"}],"predecessor-version":[{"id":2385,"href":"https:\/\/tellos.fr\/en\/wp-json\/wp\/v2\/pages\/863\/revisions\/2385"}],"wp:attachment":[{"href":"https:\/\/tellos.fr\/en\/wp-json\/wp\/v2\/media?parent=863"}],"curies":[{"name":"wp","href":"https:\/\/api.w.org\/{rel}","templated":true}]}}