{"id":696,"date":"2018-11-14T14:49:52","date_gmt":"2018-11-14T13:49:52","guid":{"rendered":"https:\/\/tellos.fr\/?page_id=696"},"modified":"2019-01-31T16:00:03","modified_gmt":"2019-01-31T15:00:03","slug":"candidature-spontanee","status":"publish","type":"page","link":"https:\/\/tellos.fr\/en\/candidature-spontanee\/","title":{"rendered":"Unsolicited application"},"content":{"rendered":"","protected":false},"excerpt":{"rendered":"","protected":false},"author":2,"featured_media":0,"parent":0,"menu_order":0,"comment_status":"closed","ping_status":"closed","template":"","meta":{"_acf_changed":false,"footnotes":""},"class_list":["post-696","page","type-page","status-publish","hentry"],"acf":[],"yoast_head":"<!-- This site is optimized with the Yoast SEO plugin v27.1.1 - https:\/\/yoast.com\/product\/yoast-seo-wordpress\/ -->\n<title>Candidature spontan\u00e9e - Tellos<\/title>\n<meta name=\"description\" content=\"Rejoindre TELLOS c&#039;est d\u00e9velopper une approche globale centr\u00e9e sur la performance, la qualit\u00e9 et l\u2019efficacit\u00e9, dans un esprit d\u2019excellence et d\u2019engagement.\" \/>\n<meta name=\"robots\" content=\"index, follow, max-snippet:-1, max-image-preview:large, max-video-preview:-1\" \/>\n<link rel=\"canonical\" href=\"https:\/\/tellos.fr\/en\/candidature-spontanee\/\" \/>\n<meta property=\"og:locale\" content=\"en_GB\" \/>\n<meta property=\"og:type\" content=\"article\" \/>\n<meta property=\"og:title\" content=\"Candidature spontan\u00e9e - Tellos\" \/>\n<meta property=\"og:description\" content=\"Rejoindre TELLOS c&#039;est d\u00e9velopper une approche globale centr\u00e9e sur la performance, la qualit\u00e9 et l\u2019efficacit\u00e9, dans un esprit d\u2019excellence et d\u2019engagement.\" \/>\n<meta property=\"og:url\" content=\"https:\/\/tellos.fr\/en\/candidature-spontanee\/\" \/>\n<meta property=\"og:site_name\" content=\"Tellos\" \/>\n<meta property=\"article:modified_time\" content=\"2019-01-31T15:00:03+00:00\" \/>\n<meta name=\"twitter:card\" content=\"summary_large_image\" \/>\n<script type=\"application\/ld+json\" class=\"yoast-schema-graph\">{\"@context\":\"https:\/\/schema.org\",\"@graph\":[{\"@type\":\"WebPage\",\"@id\":\"https:\/\/tellos.fr\/candidature-spontanee\/\",\"url\":\"https:\/\/tellos.fr\/candidature-spontanee\/\",\"name\":\"Candidature spontan\u00e9e - Tellos\",\"isPartOf\":{\"@id\":\"https:\/\/tellos.fr\/#website\"},\"datePublished\":\"2018-11-14T13:49:52+00:00\",\"dateModified\":\"2019-01-31T15:00:03+00:00\",\"description\":\"Rejoindre TELLOS c'est d\u00e9velopper une approche globale centr\u00e9e sur la performance, la qualit\u00e9 et l\u2019efficacit\u00e9, dans un esprit d\u2019excellence et d\u2019engagement.\",\"inLanguage\":\"en-GB\",\"potentialAction\":[{\"@type\":\"ReadAction\",\"target\":[\"https:\/\/tellos.fr\/candidature-spontanee\/\"]}]},{\"@type\":\"WebSite\",\"@id\":\"https:\/\/tellos.fr\/#website\",\"url\":\"https:\/\/tellos.fr\/\",\"name\":\"Tellos\",\"description\":\"Nos \u00e9nergies, vos r\u00e9seaux\",\"potentialAction\":[{\"@type\":\"SearchAction\",\"target\":{\"@type\":\"EntryPoint\",\"urlTemplate\":\"https:\/\/tellos.fr\/?s={search_term_string}\"},\"query-input\":{\"@type\":\"PropertyValueSpecification\",\"valueRequired\":true,\"valueName\":\"search_term_string\"}}],\"inLanguage\":\"en-GB\"}]}<\/script>\n<!-- \/ Yoast SEO plugin. -->","yoast_head_json":{"title":"Candidature spontan\u00e9e - Tellos","description":"Rejoindre TELLOS c'est d\u00e9velopper une approche globale centr\u00e9e sur la performance, la qualit\u00e9 et l\u2019efficacit\u00e9, dans un esprit d\u2019excellence et d\u2019engagement.","robots":{"index":"index","follow":"follow","max-snippet":"max-snippet:-1","max-image-preview":"max-image-preview:large","max-video-preview":"max-video-preview:-1"},"canonical":"https:\/\/tellos.fr\/en\/candidature-spontanee\/","og_locale":"en_GB","og_type":"article","og_title":"Candidature spontan\u00e9e - Tellos","og_description":"Rejoindre TELLOS c'est d\u00e9velopper une approche globale centr\u00e9e sur la performance, la qualit\u00e9 et l\u2019efficacit\u00e9, dans un esprit d\u2019excellence et d\u2019engagement.","og_url":"https:\/\/tellos.fr\/en\/candidature-spontanee\/","og_site_name":"Tellos","article_modified_time":"2019-01-31T15:00:03+00:00","twitter_card":"summary_large_image","schema":{"@context":"https:\/\/schema.org","@graph":[{"@type":"WebPage","@id":"https:\/\/tellos.fr\/candidature-spontanee\/","url":"https:\/\/tellos.fr\/candidature-spontanee\/","name":"Candidature spontan\u00e9e - Tellos","isPartOf":{"@id":"https:\/\/tellos.fr\/#website"},"datePublished":"2018-11-14T13:49:52+00:00","dateModified":"2019-01-31T15:00:03+00:00","description":"Rejoindre TELLOS c'est d\u00e9velopper une approche globale centr\u00e9e sur la performance, la qualit\u00e9 et l\u2019efficacit\u00e9, dans un esprit d\u2019excellence et d\u2019engagement.","inLanguage":"en-GB","potentialAction":[{"@type":"ReadAction","target":["https:\/\/tellos.fr\/candidature-spontanee\/"]}]},{"@type":"WebSite","@id":"https:\/\/tellos.fr\/#website","url":"https:\/\/tellos.fr\/","name":"Tellos","description":"Nos \u00e9nergies, vos r\u00e9seaux","potentialAction":[{"@type":"SearchAction","target":{"@type":"EntryPoint","urlTemplate":"https:\/\/tellos.fr\/?s={search_term_string}"},"query-input":{"@type":"PropertyValueSpecification","valueRequired":true,"valueName":"search_term_string"}}],"inLanguage":"en-GB"}]}},"_links":{"self":[{"href":"https:\/\/tellos.fr\/en\/wp-json\/wp\/v2\/pages\/696","targetHints":{"allow":["GET"]}}],"collection":[{"href":"https:\/\/tellos.fr\/en\/wp-json\/wp\/v2\/pages"}],"about":[{"href":"https:\/\/tellos.fr\/en\/wp-json\/wp\/v2\/types\/page"}],"author":[{"embeddable":true,"href":"https:\/\/tellos.fr\/en\/wp-json\/wp\/v2\/users\/2"}],"replies":[{"embeddable":true,"href":"https:\/\/tellos.fr\/en\/wp-json\/wp\/v2\/comments?post=696"}],"version-history":[{"count":12,"href":"https:\/\/tellos.fr\/en\/wp-json\/wp\/v2\/pages\/696\/revisions"}],"predecessor-version":[{"id":1262,"href":"https:\/\/tellos.fr\/en\/wp-json\/wp\/v2\/pages\/696\/revisions\/1262"}],"wp:attachment":[{"href":"https:\/\/tellos.fr\/en\/wp-json\/wp\/v2\/media?parent=696"}],"curies":[{"name":"wp","href":"https:\/\/api.w.org\/{rel}","templated":true}]}}