{"id":470,"date":"2018-11-06T17:00:20","date_gmt":"2018-11-06T16:00:20","guid":{"rendered":"https:\/\/tellos.fr\/?page_id=470"},"modified":"2022-01-28T13:43:45","modified_gmt":"2022-01-28T12:43:45","slug":"vision","status":"publish","type":"page","link":"https:\/\/tellos.fr\/en\/vision\/","title":{"rendered":"Vision"},"content":{"rendered":"","protected":false},"excerpt":{"rendered":"","protected":false},"author":2,"featured_media":0,"parent":0,"menu_order":0,"comment_status":"closed","ping_status":"closed","template":"","meta":{"_acf_changed":false,"footnotes":""},"class_list":["post-470","page","type-page","status-publish","hentry"],"acf":[],"yoast_head":"<!-- This site is optimized with the Yoast SEO plugin v27.1.1 - https:\/\/yoast.com\/product\/yoast-seo-wordpress\/ -->\n<title>Vision - Tellos<\/title>\n<meta name=\"description\" content=\"Avec TELLOS les infrastructures r\u00e9seaux permettront d&#039;am\u00e9liorer la qualit\u00e9 de la vie, r\u00e9duire les co\u00fbts et accro\u00eetre l\u2019efficacit\u00e9 des solutions retenues.\" \/>\n<meta name=\"robots\" content=\"index, follow, max-snippet:-1, max-image-preview:large, max-video-preview:-1\" \/>\n<link rel=\"canonical\" href=\"https:\/\/tellos.fr\/en\/vision\/\" \/>\n<meta property=\"og:locale\" content=\"en_GB\" \/>\n<meta property=\"og:type\" content=\"article\" \/>\n<meta property=\"og:title\" content=\"Vision - Tellos\" \/>\n<meta property=\"og:description\" content=\"Avec TELLOS les infrastructures r\u00e9seaux permettront d&#039;am\u00e9liorer la qualit\u00e9 de la vie, r\u00e9duire les co\u00fbts et accro\u00eetre l\u2019efficacit\u00e9 des solutions retenues.\" \/>\n<meta property=\"og:url\" content=\"https:\/\/tellos.fr\/en\/vision\/\" \/>\n<meta property=\"og:site_name\" content=\"Tellos\" \/>\n<meta property=\"article:modified_time\" content=\"2022-01-28T12:43:45+00:00\" \/>\n<meta name=\"twitter:card\" content=\"summary_large_image\" \/>\n<script type=\"application\/ld+json\" class=\"yoast-schema-graph\">{\"@context\":\"https:\/\/schema.org\",\"@graph\":[{\"@type\":\"WebPage\",\"@id\":\"https:\/\/tellos.fr\/vision\/\",\"url\":\"https:\/\/tellos.fr\/vision\/\",\"name\":\"Vision - Tellos\",\"isPartOf\":{\"@id\":\"https:\/\/tellos.fr\/#website\"},\"datePublished\":\"2018-11-06T16:00:20+00:00\",\"dateModified\":\"2022-01-28T12:43:45+00:00\",\"description\":\"Avec TELLOS les infrastructures r\u00e9seaux permettront d'am\u00e9liorer la qualit\u00e9 de la vie, r\u00e9duire les co\u00fbts et accro\u00eetre l\u2019efficacit\u00e9 des solutions retenues.\",\"inLanguage\":\"en-GB\",\"potentialAction\":[{\"@type\":\"ReadAction\",\"target\":[\"https:\/\/tellos.fr\/vision\/\"]}]},{\"@type\":\"WebSite\",\"@id\":\"https:\/\/tellos.fr\/#website\",\"url\":\"https:\/\/tellos.fr\/\",\"name\":\"Tellos\",\"description\":\"Nos \u00e9nergies, vos r\u00e9seaux\",\"potentialAction\":[{\"@type\":\"SearchAction\",\"target\":{\"@type\":\"EntryPoint\",\"urlTemplate\":\"https:\/\/tellos.fr\/?s={search_term_string}\"},\"query-input\":{\"@type\":\"PropertyValueSpecification\",\"valueRequired\":true,\"valueName\":\"search_term_string\"}}],\"inLanguage\":\"en-GB\"}]}<\/script>\n<!-- \/ Yoast SEO plugin. -->","yoast_head_json":{"title":"Vision - Tellos","description":"Avec TELLOS les infrastructures r\u00e9seaux permettront d'am\u00e9liorer la qualit\u00e9 de la vie, r\u00e9duire les co\u00fbts et accro\u00eetre l\u2019efficacit\u00e9 des solutions retenues.","robots":{"index":"index","follow":"follow","max-snippet":"max-snippet:-1","max-image-preview":"max-image-preview:large","max-video-preview":"max-video-preview:-1"},"canonical":"https:\/\/tellos.fr\/en\/vision\/","og_locale":"en_GB","og_type":"article","og_title":"Vision - Tellos","og_description":"Avec TELLOS les infrastructures r\u00e9seaux permettront d'am\u00e9liorer la qualit\u00e9 de la vie, r\u00e9duire les co\u00fbts et accro\u00eetre l\u2019efficacit\u00e9 des solutions retenues.","og_url":"https:\/\/tellos.fr\/en\/vision\/","og_site_name":"Tellos","article_modified_time":"2022-01-28T12:43:45+00:00","twitter_card":"summary_large_image","schema":{"@context":"https:\/\/schema.org","@graph":[{"@type":"WebPage","@id":"https:\/\/tellos.fr\/vision\/","url":"https:\/\/tellos.fr\/vision\/","name":"Vision - Tellos","isPartOf":{"@id":"https:\/\/tellos.fr\/#website"},"datePublished":"2018-11-06T16:00:20+00:00","dateModified":"2022-01-28T12:43:45+00:00","description":"Avec TELLOS les infrastructures r\u00e9seaux permettront d'am\u00e9liorer la qualit\u00e9 de la vie, r\u00e9duire les co\u00fbts et accro\u00eetre l\u2019efficacit\u00e9 des solutions retenues.","inLanguage":"en-GB","potentialAction":[{"@type":"ReadAction","target":["https:\/\/tellos.fr\/vision\/"]}]},{"@type":"WebSite","@id":"https:\/\/tellos.fr\/#website","url":"https:\/\/tellos.fr\/","name":"Tellos","description":"Nos \u00e9nergies, vos r\u00e9seaux","potentialAction":[{"@type":"SearchAction","target":{"@type":"EntryPoint","urlTemplate":"https:\/\/tellos.fr\/?s={search_term_string}"},"query-input":{"@type":"PropertyValueSpecification","valueRequired":true,"valueName":"search_term_string"}}],"inLanguage":"en-GB"}]}},"_links":{"self":[{"href":"https:\/\/tellos.fr\/en\/wp-json\/wp\/v2\/pages\/470","targetHints":{"allow":["GET"]}}],"collection":[{"href":"https:\/\/tellos.fr\/en\/wp-json\/wp\/v2\/pages"}],"about":[{"href":"https:\/\/tellos.fr\/en\/wp-json\/wp\/v2\/types\/page"}],"author":[{"embeddable":true,"href":"https:\/\/tellos.fr\/en\/wp-json\/wp\/v2\/users\/2"}],"replies":[{"embeddable":true,"href":"https:\/\/tellos.fr\/en\/wp-json\/wp\/v2\/comments?post=470"}],"version-history":[{"count":28,"href":"https:\/\/tellos.fr\/en\/wp-json\/wp\/v2\/pages\/470\/revisions"}],"predecessor-version":[{"id":1885,"href":"https:\/\/tellos.fr\/en\/wp-json\/wp\/v2\/pages\/470\/revisions\/1885"}],"wp:attachment":[{"href":"https:\/\/tellos.fr\/en\/wp-json\/wp\/v2\/media?parent=470"}],"curies":[{"name":"wp","href":"https:\/\/api.w.org\/{rel}","templated":true}]}}