{"id":466,"date":"2018-11-06T16:58:49","date_gmt":"2018-11-06T15:58:49","guid":{"rendered":"https:\/\/tellos.fr\/?page_id=466"},"modified":"2022-08-26T15:01:09","modified_gmt":"2022-08-26T13:01:09","slug":"groupe-tellos","status":"publish","type":"page","link":"https:\/\/tellos.fr\/en\/groupe-tellos\/","title":{"rendered":"TELLOS Group"},"content":{"rendered":"","protected":false},"excerpt":{"rendered":"","protected":false},"author":2,"featured_media":0,"parent":0,"menu_order":0,"comment_status":"closed","ping_status":"closed","template":"","meta":{"_acf_changed":false,"footnotes":""},"class_list":["post-466","page","type-page","status-publish","hentry"],"acf":[],"yoast_head":"<!-- This site is optimized with the Yoast SEO plugin v27.1.1 - https:\/\/yoast.com\/product\/yoast-seo-wordpress\/ -->\n<title>Groupe TELLOS - Tellos<\/title>\n<meta name=\"description\" content=\"Une approche globale, des comp\u00e9tences plurielles, une synergie productive, le Groupe TELLOS d\u00e9veloppe et g\u00e8re des infrastructures r\u00e9seaux innovantes.\" \/>\n<meta name=\"robots\" content=\"index, follow, max-snippet:-1, max-image-preview:large, max-video-preview:-1\" \/>\n<link rel=\"canonical\" href=\"https:\/\/tellos.fr\/en\/groupe-tellos\/\" \/>\n<meta property=\"og:locale\" content=\"en_GB\" \/>\n<meta property=\"og:type\" content=\"article\" \/>\n<meta property=\"og:title\" content=\"Groupe TELLOS - Tellos\" \/>\n<meta property=\"og:description\" content=\"Une approche globale, des comp\u00e9tences plurielles, une synergie productive, le Groupe TELLOS d\u00e9veloppe et g\u00e8re des infrastructures r\u00e9seaux innovantes.\" \/>\n<meta property=\"og:url\" content=\"https:\/\/tellos.fr\/en\/groupe-tellos\/\" \/>\n<meta property=\"og:site_name\" content=\"Tellos\" \/>\n<meta property=\"article:modified_time\" content=\"2022-08-26T13:01:09+00:00\" \/>\n<meta name=\"twitter:card\" content=\"summary_large_image\" \/>\n<script type=\"application\/ld+json\" class=\"yoast-schema-graph\">{\"@context\":\"https:\/\/schema.org\",\"@graph\":[{\"@type\":\"WebPage\",\"@id\":\"https:\/\/tellos.fr\/groupe-tellos\/\",\"url\":\"https:\/\/tellos.fr\/groupe-tellos\/\",\"name\":\"Groupe TELLOS - Tellos\",\"isPartOf\":{\"@id\":\"https:\/\/tellos.fr\/#website\"},\"datePublished\":\"2018-11-06T15:58:49+00:00\",\"dateModified\":\"2022-08-26T13:01:09+00:00\",\"description\":\"Une approche globale, des comp\u00e9tences plurielles, une synergie productive, le Groupe TELLOS d\u00e9veloppe et g\u00e8re des infrastructures r\u00e9seaux innovantes.\",\"inLanguage\":\"en-GB\",\"potentialAction\":[{\"@type\":\"ReadAction\",\"target\":[\"https:\/\/tellos.fr\/groupe-tellos\/\"]}]},{\"@type\":\"WebSite\",\"@id\":\"https:\/\/tellos.fr\/#website\",\"url\":\"https:\/\/tellos.fr\/\",\"name\":\"Tellos\",\"description\":\"Nos \u00e9nergies, vos r\u00e9seaux\",\"potentialAction\":[{\"@type\":\"SearchAction\",\"target\":{\"@type\":\"EntryPoint\",\"urlTemplate\":\"https:\/\/tellos.fr\/?s={search_term_string}\"},\"query-input\":{\"@type\":\"PropertyValueSpecification\",\"valueRequired\":true,\"valueName\":\"search_term_string\"}}],\"inLanguage\":\"en-GB\"}]}<\/script>\n<!-- \/ Yoast SEO plugin. -->","yoast_head_json":{"title":"Groupe TELLOS - Tellos","description":"Une approche globale, des comp\u00e9tences plurielles, une synergie productive, le Groupe TELLOS d\u00e9veloppe et g\u00e8re des infrastructures r\u00e9seaux innovantes.","robots":{"index":"index","follow":"follow","max-snippet":"max-snippet:-1","max-image-preview":"max-image-preview:large","max-video-preview":"max-video-preview:-1"},"canonical":"https:\/\/tellos.fr\/en\/groupe-tellos\/","og_locale":"en_GB","og_type":"article","og_title":"Groupe TELLOS - Tellos","og_description":"Une approche globale, des comp\u00e9tences plurielles, une synergie productive, le Groupe TELLOS d\u00e9veloppe et g\u00e8re des infrastructures r\u00e9seaux innovantes.","og_url":"https:\/\/tellos.fr\/en\/groupe-tellos\/","og_site_name":"Tellos","article_modified_time":"2022-08-26T13:01:09+00:00","twitter_card":"summary_large_image","schema":{"@context":"https:\/\/schema.org","@graph":[{"@type":"WebPage","@id":"https:\/\/tellos.fr\/groupe-tellos\/","url":"https:\/\/tellos.fr\/groupe-tellos\/","name":"Groupe TELLOS - Tellos","isPartOf":{"@id":"https:\/\/tellos.fr\/#website"},"datePublished":"2018-11-06T15:58:49+00:00","dateModified":"2022-08-26T13:01:09+00:00","description":"Une approche globale, des comp\u00e9tences plurielles, une synergie productive, le Groupe TELLOS d\u00e9veloppe et g\u00e8re des infrastructures r\u00e9seaux innovantes.","inLanguage":"en-GB","potentialAction":[{"@type":"ReadAction","target":["https:\/\/tellos.fr\/groupe-tellos\/"]}]},{"@type":"WebSite","@id":"https:\/\/tellos.fr\/#website","url":"https:\/\/tellos.fr\/","name":"Tellos","description":"Nos \u00e9nergies, vos r\u00e9seaux","potentialAction":[{"@type":"SearchAction","target":{"@type":"EntryPoint","urlTemplate":"https:\/\/tellos.fr\/?s={search_term_string}"},"query-input":{"@type":"PropertyValueSpecification","valueRequired":true,"valueName":"search_term_string"}}],"inLanguage":"en-GB"}]}},"_links":{"self":[{"href":"https:\/\/tellos.fr\/en\/wp-json\/wp\/v2\/pages\/466","targetHints":{"allow":["GET"]}}],"collection":[{"href":"https:\/\/tellos.fr\/en\/wp-json\/wp\/v2\/pages"}],"about":[{"href":"https:\/\/tellos.fr\/en\/wp-json\/wp\/v2\/types\/page"}],"author":[{"embeddable":true,"href":"https:\/\/tellos.fr\/en\/wp-json\/wp\/v2\/users\/2"}],"replies":[{"embeddable":true,"href":"https:\/\/tellos.fr\/en\/wp-json\/wp\/v2\/comments?post=466"}],"version-history":[{"count":49,"href":"https:\/\/tellos.fr\/en\/wp-json\/wp\/v2\/pages\/466\/revisions"}],"predecessor-version":[{"id":2045,"href":"https:\/\/tellos.fr\/en\/wp-json\/wp\/v2\/pages\/466\/revisions\/2045"}],"wp:attachment":[{"href":"https:\/\/tellos.fr\/en\/wp-json\/wp\/v2\/media?parent=466"}],"curies":[{"name":"wp","href":"https:\/\/api.w.org\/{rel}","templated":true}]}}